{"id":747,"date":"2015-04-02T20:14:06","date_gmt":"2015-04-02T20:14:06","guid":{"rendered":"http:\/\/buildme.freevision.me\/?page_id=747"},"modified":"2022-07-08T09:01:11","modified_gmt":"2022-07-08T09:01:11","slug":"dosificadoras-de-concreto-basei","status":"publish","type":"page","link":"https:\/\/basei.com.mx\/basei2022\/dosificadoras-de-concreto-basei\/","title":{"rendered":"Dosificadoras de Concreto Contact Basic"},"content":{"rendered":"<p>[vc_row css=&#8221;.vc_custom_1657270870050{background-image: url(https:\/\/basei.com.mx\/basei2022\/wp-content\/uploads\/2015\/04\/cover_bg.png?id=118) !important;}&#8221;][vc_column width=&#8221;1\/2&#8243;][vc_column_text]<\/p>\n<h4>FORMULARIO DE CONTACTO<\/h4>\n<p>Escr\u00edbanos para resolverle cualquier duda sobre nuestros productos, o darle m\u00e1s informaci\u00f3n, gracias.[\/vc_column_text]<div style=\"height:5px\" class=\"ozy-spacer\"><\/div><div class=\"wpcf7 no-js\" id=\"wpcf7-f6-o1\" lang=\"es-MX\" dir=\"ltr\">\n<div class=\"screen-reader-response\"><p role=\"status\" aria-live=\"polite\" aria-atomic=\"true\"><\/p> <ul><\/ul><\/div>\n<form action=\"\/basei2022\/wp-json\/wp\/v2\/pages\/747#wpcf7-f6-o1\" method=\"post\" class=\"wpcf7-form init\" aria-label=\"Formulario de contacto\" novalidate=\"novalidate\" data-status=\"init\">\n<div style=\"display: none;\">\n<input type=\"hidden\" name=\"_wpcf7\" value=\"6\" \/>\n<input type=\"hidden\" name=\"_wpcf7_version\" value=\"5.7.2\" \/>\n<input type=\"hidden\" name=\"_wpcf7_locale\" value=\"es_MX\" \/>\n<input type=\"hidden\" name=\"_wpcf7_unit_tag\" value=\"wpcf7-f6-o1\" \/>\n<input type=\"hidden\" name=\"_wpcf7_container_post\" value=\"0\" \/>\n<input type=\"hidden\" name=\"_wpcf7_posted_data_hash\" value=\"\" \/>\n<\/div>\n<p><label> Tu nombre<br \/>\n<span class=\"wpcf7-form-control-wrap\" data-name=\"your-name\"><input size=\"40\" class=\"wpcf7-form-control wpcf7-text wpcf7-validates-as-required\" aria-required=\"true\" aria-invalid=\"false\" value=\"\" type=\"text\" name=\"your-name\" \/><\/span> <\/label>\n<\/p>\n<p><label> Tu correo electr\u00f3nico<br \/>\n<span class=\"wpcf7-form-control-wrap\" data-name=\"your-email\"><input size=\"40\" class=\"wpcf7-form-control wpcf7-text wpcf7-email wpcf7-validates-as-required wpcf7-validates-as-email\" aria-required=\"true\" aria-invalid=\"false\" value=\"\" type=\"email\" name=\"your-email\" \/><\/span> <\/label>\n<\/p>\n<p><label> Asunto<br \/>\n<span class=\"wpcf7-form-control-wrap\" data-name=\"your-subject\"><input size=\"40\" class=\"wpcf7-form-control wpcf7-text wpcf7-validates-as-required\" aria-required=\"true\" aria-invalid=\"false\" value=\"\" type=\"text\" name=\"your-subject\" \/><\/span> <\/label>\n<\/p>\n<p><label> Tu mensaje (opcional)<br \/>\n<span class=\"wpcf7-form-control-wrap\" data-name=\"your-message\"><textarea cols=\"40\" rows=\"10\" class=\"wpcf7-form-control wpcf7-textarea\" aria-invalid=\"false\" name=\"your-message\"><\/textarea><\/span> <\/label>\n<\/p>\n<p><input class=\"wpcf7-form-control has-spinner wpcf7-submit\" type=\"submit\" value=\"Enviar\" \/>\n<\/p><p style=\"display: none !important;\"><label>&#916;<textarea name=\"_wpcf7_ak_hp_textarea\" cols=\"45\" rows=\"8\" maxlength=\"100\"><\/textarea><\/label><input type=\"hidden\" id=\"ak_js_1\" name=\"_wpcf7_ak_js\" value=\"26\"\/><script>document.getElementById( \"ak_js_1\" ).setAttribute( \"value\", ( new Date() ).getTime() );<\/script><\/p><div class=\"wpcf7-response-output\" aria-hidden=\"true\"><\/div><\/form><\/div>[\/vc_column][vc_column width=&#8221;1\/2&#8243;][vc_row_inner][vc_column_inner width=&#8221;1\/2&#8243;][vc_column_text]<\/p>\n<h4>DIRECCI\u00d3N<\/h4>\n<p>Calle: \u00a0Tizap\u00e1n 15, Col. Industrial el Camino 45535, Tlaquepaque, Jal.<br \/>\n<strong>M\u00e9xico<\/strong>[\/vc_column_text][\/vc_column_inner][vc_column_inner width=&#8221;1\/2&#8243;][vc_column_text]<\/p>\n<h4>INFORMACI\u00d3N DE CONTACTO<\/h4>\n<p>Tels. 33 3133 2415 \/ 33 1348 1856<br \/>\n<span style=\"color: #ff0000;\"><a style=\"color: #ff0000;\" href=\"mailto:baseiplantas@hotmail.com\">baseiplantas@hotmail.com<\/a><\/span>[\/vc_column_text][\/vc_column_inner][\/vc_row_inner][vc_gmaps link=&#8221;#E-8_JTNDaWZyYW1lJTIwc3JjJTNEJTIyaHR0cHMlM0ElMkYlMkZ3d3cuZ29vZ2xlLmNvbSUyRm1hcHMlMkZlbWJlZCUzRnBiJTNEJTIxMW0xOCUyMTFtMTIlMjExbTMlMjExZDU5NzI3Ljc4MzM4MjIwNzUxJTIxMmQtMTAzLjQ2NTg4MjM3MjEzNzMlMjEzZDIwLjY3MDEyOTc5NDYwMDIlMjEybTMlMjExZjAlMjEyZjAlMjEzZjAlMjEzbTIlMjExaTEwMjQlMjEyaTc2OCUyMTRmMTMuMSUyMTNtMyUyMTFtMiUyMTFzMHg4NDI4YWRjYjMzNTRiZjM3JTI1M0EweDJjNTNjZGY5MzI3OTY2MDUlMjEyc0Jhc2VpJTIxNWUwJTIxM20yJTIxMXNlcy00MTklMjEyc214JTIxNHYxNjU1MjQ4MDA1OTkxJTIxNW0yJTIxMXNlcy00MTklMjEyc214JTIyJTIwd2lkdGglM0QlMjI2MDAlMjIlMjBoZWlnaHQlM0QlMjI0NTAlMjIlMjBzdHlsZSUzRCUyMmJvcmRlciUzQTAlM0IlMjIlMjBhbGxvd2Z1bGxzY3JlZW4lM0QlMjIlMjIlMjBsb2FkaW5nJTNEJTIybGF6eSUyMiUyMHJlZmVycmVycG9saWN5JTNEJTIybm8tcmVmZXJyZXItd2hlbi1kb3duZ3JhZGUlMjIlM0UlM0MlMkZpZnJhbWUlM0U=&#8221; size=&#8221;400&#8243;][\/vc_column][\/vc_row]<\/p>\n","protected":false},"excerpt":{"rendered":"<p>[vc_row css=&#8221;.vc_custom_1657270870050{background-image: url(https:\/\/basei.com.mx\/basei2022\/wp-content\/uploads\/2015\/04\/cover_bg.png?id=118) !important;}&#8221;][vc_column width=&#8221;1\/2&#8243;][vc_column_text] FORMULARIO DE CONTACTO Escr\u00edbanos para resolverle cualquier duda sobre nuestros productos, o darle m\u00e1s informaci\u00f3n, gracias.[\/vc_column_text][\/vc_column][vc_column width=&#8221;1\/2&#8243;][vc_row_inner][vc_column_inner width=&#8221;1\/2&#8243;][vc_column_text] DIRECCI\u00d3N Calle: \u00a0Tizap\u00e1n 15, Col. Industrial el [&hellip;]<\/p>\n","protected":false},"author":3,"featured_media":0,"parent":0,"menu_order":0,"comment_status":"closed","ping_status":"closed","template":"","meta":{"footnotes":""},"class_list":["post-747","page","type-page","status-publish","hentry"],"yoast_head":"<!-- This site is optimized with the Yoast SEO plugin v24.9 - https:\/\/yoast.com\/wordpress\/plugins\/seo\/ -->\n<title>Dosificadoras de Concreto Contact Basic - Basei<\/title>\n<meta name=\"description\" content=\"Dosificadoras de Concreto Basei, Fabricaci\u00f3n y Mantenimiento, enfocados en las necesidades de nuestros clientes con calidad.\" \/>\n<meta name=\"robots\" content=\"index, follow, max-snippet:-1, max-image-preview:large, max-video-preview:-1\" \/>\n<link rel=\"canonical\" href=\"https:\/\/basei.com.mx\/basei2022\/dosificadoras-de-concreto-basei\/\" \/>\n<meta property=\"og:locale\" content=\"es_MX\" \/>\n<meta property=\"og:type\" content=\"article\" \/>\n<meta property=\"og:title\" content=\"Dosificadoras de Concreto Contact Basic - Basei\" \/>\n<meta property=\"og:description\" content=\"Dosificadoras de Concreto Basei, Fabricaci\u00f3n y Mantenimiento, enfocados en las necesidades de nuestros clientes con calidad.\" \/>\n<meta property=\"og:url\" content=\"https:\/\/basei.com.mx\/basei2022\/dosificadoras-de-concreto-basei\/\" \/>\n<meta property=\"og:site_name\" content=\"Basei\" \/>\n<meta property=\"article:publisher\" content=\"http:\/\/www.facebook.com\/DosificadorasBASEI\" \/>\n<meta property=\"article:modified_time\" content=\"2022-07-08T09:01:11+00:00\" \/>\n<meta name=\"twitter:label1\" content=\"Tiempo de lectura\" \/>\n\t<meta name=\"twitter:data1\" content=\"1 minuto\" \/>\n<script type=\"application\/ld+json\" class=\"yoast-schema-graph\">{\"@context\":\"https:\/\/schema.org\",\"@graph\":[{\"@type\":[\"WebPage\",\"ContactPage\"],\"@id\":\"https:\/\/basei.com.mx\/basei2022\/dosificadoras-de-concreto-basei\/\",\"url\":\"https:\/\/basei.com.mx\/basei2022\/dosificadoras-de-concreto-basei\/\",\"name\":\"Dosificadoras de Concreto Contact Basic - Basei\",\"isPartOf\":{\"@id\":\"https:\/\/basei.com.mx\/basei2022\/#website\"},\"datePublished\":\"2015-04-02T20:14:06+00:00\",\"dateModified\":\"2022-07-08T09:01:11+00:00\",\"description\":\"Dosificadoras de Concreto Basei, Fabricaci\u00f3n y Mantenimiento, enfocados en las necesidades de nuestros clientes con calidad.\",\"breadcrumb\":{\"@id\":\"https:\/\/basei.com.mx\/basei2022\/dosificadoras-de-concreto-basei\/#breadcrumb\"},\"inLanguage\":\"es\",\"potentialAction\":[{\"@type\":\"ReadAction\",\"target\":[\"https:\/\/basei.com.mx\/basei2022\/dosificadoras-de-concreto-basei\/\"]}]},{\"@type\":\"BreadcrumbList\",\"@id\":\"https:\/\/basei.com.mx\/basei2022\/dosificadoras-de-concreto-basei\/#breadcrumb\",\"itemListElement\":[{\"@type\":\"ListItem\",\"position\":1,\"name\":\"Inicio\",\"item\":\"https:\/\/basei.com.mx\/basei2022\/\"},{\"@type\":\"ListItem\",\"position\":2,\"name\":\"Dosificadoras de Concreto Contact Basic\"}]},{\"@type\":\"WebSite\",\"@id\":\"https:\/\/basei.com.mx\/basei2022\/#website\",\"url\":\"https:\/\/basei.com.mx\/basei2022\/\",\"name\":\"Basei\",\"description\":\"Dosificadoras de Concreto\",\"publisher\":{\"@id\":\"https:\/\/basei.com.mx\/basei2022\/#organization\"},\"potentialAction\":[{\"@type\":\"SearchAction\",\"target\":{\"@type\":\"EntryPoint\",\"urlTemplate\":\"https:\/\/basei.com.mx\/basei2022\/?s={search_term_string}\"},\"query-input\":{\"@type\":\"PropertyValueSpecification\",\"valueRequired\":true,\"valueName\":\"search_term_string\"}}],\"inLanguage\":\"es\"},{\"@type\":\"Organization\",\"@id\":\"https:\/\/basei.com.mx\/basei2022\/#organization\",\"name\":\"Dosificadoras Basei S.A. de C.V.\",\"url\":\"https:\/\/basei.com.mx\/basei2022\/\",\"logo\":{\"@type\":\"ImageObject\",\"inLanguage\":\"es\",\"@id\":\"https:\/\/basei.com.mx\/basei2022\/#\/schema\/logo\/image\/\",\"url\":\"https:\/\/basei.com.mx\/basei2022\/wp-content\/uploads\/2022\/06\/logoMINI-e1654387675340.png\",\"contentUrl\":\"https:\/\/basei.com.mx\/basei2022\/wp-content\/uploads\/2022\/06\/logoMINI-e1654387675340.png\",\"width\":140,\"height\":86,\"caption\":\"Dosificadoras Basei S.A. de C.V.\"},\"image\":{\"@id\":\"https:\/\/basei.com.mx\/basei2022\/#\/schema\/logo\/image\/\"},\"sameAs\":[\"http:\/\/www.facebook.com\/DosificadorasBASEI\",\"http:\/\/instagram.com\/dosificadorasbasei\"]}]}<\/script>\n<!-- \/ Yoast SEO plugin. -->","yoast_head_json":{"title":"Dosificadoras de Concreto Contact Basic - Basei","description":"Dosificadoras de Concreto Basei, Fabricaci\u00f3n y Mantenimiento, enfocados en las necesidades de nuestros clientes con calidad.","robots":{"index":"index","follow":"follow","max-snippet":"max-snippet:-1","max-image-preview":"max-image-preview:large","max-video-preview":"max-video-preview:-1"},"canonical":"https:\/\/basei.com.mx\/basei2022\/dosificadoras-de-concreto-basei\/","og_locale":"es_MX","og_type":"article","og_title":"Dosificadoras de Concreto Contact Basic - Basei","og_description":"Dosificadoras de Concreto Basei, Fabricaci\u00f3n y Mantenimiento, enfocados en las necesidades de nuestros clientes con calidad.","og_url":"https:\/\/basei.com.mx\/basei2022\/dosificadoras-de-concreto-basei\/","og_site_name":"Basei","article_publisher":"http:\/\/www.facebook.com\/DosificadorasBASEI","article_modified_time":"2022-07-08T09:01:11+00:00","twitter_misc":{"Tiempo de lectura":"1 minuto"},"schema":{"@context":"https:\/\/schema.org","@graph":[{"@type":["WebPage","ContactPage"],"@id":"https:\/\/basei.com.mx\/basei2022\/dosificadoras-de-concreto-basei\/","url":"https:\/\/basei.com.mx\/basei2022\/dosificadoras-de-concreto-basei\/","name":"Dosificadoras de Concreto Contact Basic - Basei","isPartOf":{"@id":"https:\/\/basei.com.mx\/basei2022\/#website"},"datePublished":"2015-04-02T20:14:06+00:00","dateModified":"2022-07-08T09:01:11+00:00","description":"Dosificadoras de Concreto Basei, Fabricaci\u00f3n y Mantenimiento, enfocados en las necesidades de nuestros clientes con calidad.","breadcrumb":{"@id":"https:\/\/basei.com.mx\/basei2022\/dosificadoras-de-concreto-basei\/#breadcrumb"},"inLanguage":"es","potentialAction":[{"@type":"ReadAction","target":["https:\/\/basei.com.mx\/basei2022\/dosificadoras-de-concreto-basei\/"]}]},{"@type":"BreadcrumbList","@id":"https:\/\/basei.com.mx\/basei2022\/dosificadoras-de-concreto-basei\/#breadcrumb","itemListElement":[{"@type":"ListItem","position":1,"name":"Inicio","item":"https:\/\/basei.com.mx\/basei2022\/"},{"@type":"ListItem","position":2,"name":"Dosificadoras de Concreto Contact Basic"}]},{"@type":"WebSite","@id":"https:\/\/basei.com.mx\/basei2022\/#website","url":"https:\/\/basei.com.mx\/basei2022\/","name":"Basei","description":"Dosificadoras de Concreto","publisher":{"@id":"https:\/\/basei.com.mx\/basei2022\/#organization"},"potentialAction":[{"@type":"SearchAction","target":{"@type":"EntryPoint","urlTemplate":"https:\/\/basei.com.mx\/basei2022\/?s={search_term_string}"},"query-input":{"@type":"PropertyValueSpecification","valueRequired":true,"valueName":"search_term_string"}}],"inLanguage":"es"},{"@type":"Organization","@id":"https:\/\/basei.com.mx\/basei2022\/#organization","name":"Dosificadoras Basei S.A. de C.V.","url":"https:\/\/basei.com.mx\/basei2022\/","logo":{"@type":"ImageObject","inLanguage":"es","@id":"https:\/\/basei.com.mx\/basei2022\/#\/schema\/logo\/image\/","url":"https:\/\/basei.com.mx\/basei2022\/wp-content\/uploads\/2022\/06\/logoMINI-e1654387675340.png","contentUrl":"https:\/\/basei.com.mx\/basei2022\/wp-content\/uploads\/2022\/06\/logoMINI-e1654387675340.png","width":140,"height":86,"caption":"Dosificadoras Basei S.A. de C.V."},"image":{"@id":"https:\/\/basei.com.mx\/basei2022\/#\/schema\/logo\/image\/"},"sameAs":["http:\/\/www.facebook.com\/DosificadorasBASEI","http:\/\/instagram.com\/dosificadorasbasei"]}]}},"_links":{"self":[{"href":"https:\/\/basei.com.mx\/basei2022\/wp-json\/wp\/v2\/pages\/747","targetHints":{"allow":["GET"]}}],"collection":[{"href":"https:\/\/basei.com.mx\/basei2022\/wp-json\/wp\/v2\/pages"}],"about":[{"href":"https:\/\/basei.com.mx\/basei2022\/wp-json\/wp\/v2\/types\/page"}],"author":[{"embeddable":true,"href":"https:\/\/basei.com.mx\/basei2022\/wp-json\/wp\/v2\/users\/3"}],"replies":[{"embeddable":true,"href":"https:\/\/basei.com.mx\/basei2022\/wp-json\/wp\/v2\/comments?post=747"}],"version-history":[{"count":15,"href":"https:\/\/basei.com.mx\/basei2022\/wp-json\/wp\/v2\/pages\/747\/revisions"}],"predecessor-version":[{"id":2938,"href":"https:\/\/basei.com.mx\/basei2022\/wp-json\/wp\/v2\/pages\/747\/revisions\/2938"}],"wp:attachment":[{"href":"https:\/\/basei.com.mx\/basei2022\/wp-json\/wp\/v2\/media?parent=747"}],"curies":[{"name":"wp","href":"https:\/\/api.w.org\/{rel}","templated":true}]}}