{"id":353,"date":"2015-03-31T22:08:53","date_gmt":"2015-03-31T22:08:53","guid":{"rendered":"http:\/\/buildme.freevision.me\/?page_id=353"},"modified":"2023-01-14T07:34:08","modified_gmt":"2023-01-14T07:34:08","slug":"plantas","status":"publish","type":"page","link":"https:\/\/basei.com.mx\/basei2022\/projects\/plantas\/","title":{"rendered":"Plantas"},"content":{"rendered":"<p>[vc_row row_fullwidth=&#8221;1&#8243; bg_parallax=&#8221;off&#8221; bg_slider=&#8221;off&#8221; bg_video=&#8221;off&#8221; bottom_button=&#8221;off&#8221; css=&#8221;.vc_custom_1429562192100{margin-top: 0px !important;margin-right: 0px !important;margin-bottom: 0px !important;margin-left: 0px !important;border-top-width: 0px !important;border-right-width: 0px !important;border-bottom-width: 0px !important;border-left-width: 0px !important;padding-top: 0px !important;padding-right: 20px !important;padding-bottom: 20px !important;padding-left: 20px !important;}&#8221;][vc_column]<ul id=\"project-filter\" class=\"component-model filter-align-center\"><li class=\"active\"><a href=\"#all\" data-filter=\".category-all\">TODOS<\/a><\/li><\/ul><div class=\"ozy-project-listing wpb_wrapper isotope custom-gutter column-4\" data-visible_item_count=\"9\"><div class=\"grid-sizer\"><\/div><div class=\"gutter-sizer\"><\/div><div class=\"category-all category- ozy_project\"><div class=\"featured-thumbnail\" style=\"background-image:url(https:\/\/basei.com.mx\/basei2022\/wp-content\/uploads\/2015\/04\/portatil2tolvas17.jpg);\"><div class=\"caption\"><h5 class=\"heading\"><a href=\"https:\/\/basei.com.mx\/basei2022\/project\/portatil-2-tolvas\/\" title=\"Planta Port\u00e1til 2 Tolvas\" rel=\"bookmark\">Planta Port\u00e1til 2 Tolvas<\/a><\/h5><div class=\"border\"><span><\/span><\/div><p><\/p><a href=\"https:\/\/basei.com.mx\/basei2022\/wp-content\/uploads\/2015\/04\/portatil2tolvas17.jpg\" class=\"fancybox plus-icon\" rel=\"project-gallery\" title=\"Planta Port\u00e1til 2 Tolvas\"><i class=\"oic-plus-1\"><\/i><\/a><\/div><img loading=\"lazy\" decoding=\"async\" width=\"975\" height=\"731\" src=\"https:\/\/basei.com.mx\/basei2022\/wp-content\/uploads\/2015\/04\/portatil2tolvas17.jpg\" class=\"attachment-blog size-blog wp-post-image\" alt=\"\" srcset=\"https:\/\/basei.com.mx\/basei2022\/wp-content\/uploads\/2015\/04\/portatil2tolvas17.jpg 975w, https:\/\/basei.com.mx\/basei2022\/wp-content\/uploads\/2015\/04\/portatil2tolvas17-300x225.jpg 300w, https:\/\/basei.com.mx\/basei2022\/wp-content\/uploads\/2015\/04\/portatil2tolvas17-768x576.jpg 768w\" sizes=\"auto, (max-width: 975px) 100vw, 975px\" \/><\/div><\/div><div class=\"category-all category- ozy_project\"><div class=\"featured-thumbnail\" style=\"background-image:url(https:\/\/basei.com.mx\/basei2022\/wp-content\/uploads\/2015\/04\/3tolvassiloelevado2-1.jpg);\"><div class=\"caption\"><h5 class=\"heading\"><a href=\"https:\/\/basei.com.mx\/basei2022\/project\/3tolvas-silo-elevado-2\/\" title=\"Planta 3 Tolvas Silo Elevado\" rel=\"bookmark\">Planta 3 Tolvas Silo Elevado<\/a><\/h5><div class=\"border\"><span><\/span><\/div><p><\/p><a href=\"https:\/\/basei.com.mx\/basei2022\/wp-content\/uploads\/2015\/04\/3tolvassiloelevado2-1.jpg\" class=\"fancybox plus-icon\" rel=\"project-gallery\" title=\"Planta 3 Tolvas Silo Elevado\"><i class=\"oic-plus-1\"><\/i><\/a><\/div><img loading=\"lazy\" decoding=\"async\" width=\"975\" height=\"731\" src=\"https:\/\/basei.com.mx\/basei2022\/wp-content\/uploads\/2015\/04\/3tolvassiloelevado2-1.jpg\" class=\"attachment-blog size-blog wp-post-image\" alt=\"\" srcset=\"https:\/\/basei.com.mx\/basei2022\/wp-content\/uploads\/2015\/04\/3tolvassiloelevado2-1.jpg 975w, https:\/\/basei.com.mx\/basei2022\/wp-content\/uploads\/2015\/04\/3tolvassiloelevado2-1-300x225.jpg 300w, https:\/\/basei.com.mx\/basei2022\/wp-content\/uploads\/2015\/04\/3tolvassiloelevado2-1-768x576.jpg 768w\" sizes=\"auto, (max-width: 975px) 100vw, 975px\" \/><\/div><\/div><div class=\"category-all category- ozy_project\"><div class=\"featured-thumbnail\" style=\"background-image:url(https:\/\/basei.com.mx\/basei2022\/wp-content\/uploads\/2015\/04\/2tolvasilobascula11.jpg);\"><div class=\"caption\"><h5 class=\"heading\"><a href=\"https:\/\/basei.com.mx\/basei2022\/project\/2tolvas-silo-bascula\/\" title=\"Planta 2 Tolvas Silo B\u00e1scula\" rel=\"bookmark\">Planta 2 Tolvas Silo B\u00e1scula<\/a><\/h5><div class=\"border\"><span><\/span><\/div><p><\/p><a href=\"https:\/\/basei.com.mx\/basei2022\/wp-content\/uploads\/2015\/04\/2tolvasilobascula11.jpg\" class=\"fancybox plus-icon\" rel=\"project-gallery\" title=\"Planta 2 Tolvas Silo B\u00e1scula\"><i class=\"oic-plus-1\"><\/i><\/a><\/div><img loading=\"lazy\" decoding=\"async\" width=\"975\" height=\"731\" src=\"https:\/\/basei.com.mx\/basei2022\/wp-content\/uploads\/2015\/04\/2tolvasilobascula11.jpg\" class=\"attachment-blog size-blog wp-post-image\" alt=\"\" srcset=\"https:\/\/basei.com.mx\/basei2022\/wp-content\/uploads\/2015\/04\/2tolvasilobascula11.jpg 975w, https:\/\/basei.com.mx\/basei2022\/wp-content\/uploads\/2015\/04\/2tolvasilobascula11-300x225.jpg 300w, https:\/\/basei.com.mx\/basei2022\/wp-content\/uploads\/2015\/04\/2tolvasilobascula11-768x576.jpg 768w\" sizes=\"auto, (max-width: 975px) 100vw, 975px\" \/><\/div><\/div><div class=\"category-all category- ozy_project\"><div class=\"featured-thumbnail\" style=\"background-image:url(https:\/\/basei.com.mx\/basei2022\/wp-content\/uploads\/2015\/03\/portatilsilointegrado2.jpg);\"><div class=\"caption\"><h5 class=\"heading\"><a href=\"https:\/\/basei.com.mx\/basei2022\/project\/planta-portatil-silo-integrado\/\" title=\"Planta Port\u00e1til Silo Integrado\" rel=\"bookmark\">Planta Port\u00e1til Silo Integrado<\/a><\/h5><div class=\"border\"><span><\/span><\/div><p><\/p><a href=\"https:\/\/basei.com.mx\/basei2022\/wp-content\/uploads\/2015\/03\/portatilsilointegrado2.jpg\" class=\"fancybox plus-icon\" rel=\"project-gallery\" title=\"Planta Port\u00e1til Silo Integrado\"><i class=\"oic-plus-1\"><\/i><\/a><\/div><img loading=\"lazy\" decoding=\"async\" width=\"975\" height=\"731\" src=\"https:\/\/basei.com.mx\/basei2022\/wp-content\/uploads\/2015\/03\/portatilsilointegrado2.jpg\" class=\"attachment-blog size-blog wp-post-image\" alt=\"\" srcset=\"https:\/\/basei.com.mx\/basei2022\/wp-content\/uploads\/2015\/03\/portatilsilointegrado2.jpg 975w, https:\/\/basei.com.mx\/basei2022\/wp-content\/uploads\/2015\/03\/portatilsilointegrado2-300x225.jpg 300w, https:\/\/basei.com.mx\/basei2022\/wp-content\/uploads\/2015\/03\/portatilsilointegrado2-768x576.jpg 768w\" sizes=\"auto, (max-width: 975px) 100vw, 975px\" \/><\/div><\/div><div class=\"category-all category- ozy_project\"><div class=\"featured-thumbnail\" style=\"background-image:url(https:\/\/basei.com.mx\/basei2022\/wp-content\/uploads\/2015\/03\/WhatsApp-Image-2022-05-30-at-7.48.17-PM.jpeg);\"><div class=\"caption\"><h5 class=\"heading\"><a href=\"https:\/\/basei.com.mx\/basei2022\/project\/silo-portatil40ton\/\" title=\"Silo Port\u00e1til 40 Ton\" rel=\"bookmark\">Silo Port\u00e1til 40 Ton<\/a><\/h5><div class=\"border\"><span><\/span><\/div><p><\/p><a href=\"https:\/\/basei.com.mx\/basei2022\/wp-content\/uploads\/2015\/03\/WhatsApp-Image-2022-05-30-at-7.48.17-PM.jpeg\" class=\"fancybox plus-icon\" rel=\"project-gallery\" title=\"Silo Port\u00e1til 40 Ton\"><i class=\"oic-plus-1\"><\/i><\/a><\/div><img loading=\"lazy\" decoding=\"async\" width=\"1024\" height=\"768\" src=\"https:\/\/basei.com.mx\/basei2022\/wp-content\/uploads\/2015\/03\/WhatsApp-Image-2022-05-30-at-7.48.17-PM.jpeg\" class=\"attachment-blog size-blog wp-post-image\" alt=\"\" srcset=\"https:\/\/basei.com.mx\/basei2022\/wp-content\/uploads\/2015\/03\/WhatsApp-Image-2022-05-30-at-7.48.17-PM.jpeg 1024w, https:\/\/basei.com.mx\/basei2022\/wp-content\/uploads\/2015\/03\/WhatsApp-Image-2022-05-30-at-7.48.17-PM-300x225.jpeg 300w, https:\/\/basei.com.mx\/basei2022\/wp-content\/uploads\/2015\/03\/WhatsApp-Image-2022-05-30-at-7.48.17-PM-768x576.jpeg 768w\" sizes=\"auto, (max-width: 1024px) 100vw, 1024px\" \/><\/div><\/div><div class=\"category-all category- ozy_project\"><div class=\"featured-thumbnail\" style=\"background-image:url(https:\/\/basei.com.mx\/basei2022\/wp-content\/uploads\/2015\/03\/silos2-e1655717741227.jpg);\"><div class=\"caption\"><h5 class=\"heading\"><a href=\"https:\/\/basei.com.mx\/basei2022\/project\/silos-auxiliares\/\" title=\"Silos Auxiliares\" rel=\"bookmark\">Silos Auxiliares<\/a><\/h5><div class=\"border\"><span><\/span><\/div><p><\/p><a href=\"https:\/\/basei.com.mx\/basei2022\/wp-content\/uploads\/2015\/03\/silos2-e1655717741227.jpg\" class=\"fancybox plus-icon\" rel=\"project-gallery\" title=\"Silos Auxiliares\"><i class=\"oic-plus-1\"><\/i><\/a><\/div><img loading=\"lazy\" decoding=\"async\" width=\"955\" height=\"721\" src=\"https:\/\/basei.com.mx\/basei2022\/wp-content\/uploads\/2015\/03\/silos2-e1655717741227.jpg\" class=\"attachment-blog size-blog wp-post-image\" alt=\"\" srcset=\"https:\/\/basei.com.mx\/basei2022\/wp-content\/uploads\/2015\/03\/silos2-e1655717741227.jpg 955w, https:\/\/basei.com.mx\/basei2022\/wp-content\/uploads\/2015\/03\/silos2-e1655717741227-300x226.jpg 300w, https:\/\/basei.com.mx\/basei2022\/wp-content\/uploads\/2015\/03\/silos2-e1655717741227-768x580.jpg 768w\" sizes=\"auto, (max-width: 955px) 100vw, 955px\" \/><\/div><\/div><div class=\"category-all category- ozy_project\"><div class=\"featured-thumbnail\" style=\"background-image:url(https:\/\/basei.com.mx\/basei2022\/wp-content\/uploads\/2015\/04\/2tolvassiloelevado12.jpg);\"><div class=\"caption\"><h5 class=\"heading\"><a href=\"https:\/\/basei.com.mx\/basei2022\/project\/2tolvas-silo-elevado\/\" title=\"Planta 2 Tolvas Silo Elevado\" rel=\"bookmark\">Planta 2 Tolvas Silo Elevado<\/a><\/h5><div class=\"border\"><span><\/span><\/div><p><\/p><a href=\"https:\/\/basei.com.mx\/basei2022\/wp-content\/uploads\/2015\/04\/2tolvassiloelevado12.jpg\" class=\"fancybox plus-icon\" rel=\"project-gallery\" title=\"Planta 2 Tolvas Silo Elevado\"><i class=\"oic-plus-1\"><\/i><\/a><\/div><img loading=\"lazy\" decoding=\"async\" width=\"975\" height=\"731\" src=\"https:\/\/basei.com.mx\/basei2022\/wp-content\/uploads\/2015\/04\/2tolvassiloelevado12.jpg\" class=\"attachment-blog size-blog wp-post-image\" alt=\"\" srcset=\"https:\/\/basei.com.mx\/basei2022\/wp-content\/uploads\/2015\/04\/2tolvassiloelevado12.jpg 975w, https:\/\/basei.com.mx\/basei2022\/wp-content\/uploads\/2015\/04\/2tolvassiloelevado12-300x225.jpg 300w, https:\/\/basei.com.mx\/basei2022\/wp-content\/uploads\/2015\/04\/2tolvassiloelevado12-768x576.jpg 768w\" sizes=\"auto, (max-width: 975px) 100vw, 975px\" \/><\/div><\/div><div class=\"category-all category- ozy_project\"><div class=\"featured-thumbnail\" style=\"background-image:url(https:\/\/basei.com.mx\/basei2022\/wp-content\/uploads\/2015\/04\/truckscale9.jpg);\"><div class=\"caption\"><h5 class=\"heading\"><a href=\"https:\/\/basei.com.mx\/basei2022\/project\/basculas-camioneras\/\" title=\"B\u00e1sculas Camioneras\" rel=\"bookmark\">B\u00e1sculas Camioneras<\/a><\/h5><div class=\"border\"><span><\/span><\/div><p><\/p><a href=\"https:\/\/basei.com.mx\/basei2022\/wp-content\/uploads\/2015\/04\/truckscale9.jpg\" class=\"fancybox plus-icon\" rel=\"project-gallery\" title=\"B\u00e1sculas Camioneras\"><i class=\"oic-plus-1\"><\/i><\/a><\/div><img loading=\"lazy\" decoding=\"async\" width=\"975\" height=\"731\" src=\"https:\/\/basei.com.mx\/basei2022\/wp-content\/uploads\/2015\/04\/truckscale9.jpg\" class=\"attachment-blog size-blog wp-post-image\" alt=\"\" srcset=\"https:\/\/basei.com.mx\/basei2022\/wp-content\/uploads\/2015\/04\/truckscale9.jpg 975w, https:\/\/basei.com.mx\/basei2022\/wp-content\/uploads\/2015\/04\/truckscale9-300x225.jpg 300w, https:\/\/basei.com.mx\/basei2022\/wp-content\/uploads\/2015\/04\/truckscale9-768x576.jpg 768w\" sizes=\"auto, (max-width: 975px) 100vw, 975px\" \/><\/div><\/div><\/div>[\/vc_column][\/vc_row][vc_row bg_parallax=&#8221;off&#8221; bg_slider=&#8221;off&#8221; bg_video=&#8221;off&#8221; bottom_button=&#8221;off&#8221; css=&#8221;.vc_custom_1427840757927{margin-bottom: 0px !important;padding-top: 60px !important;padding-bottom: 0px !important;}&#8221;][vc_column width=&#8221;1\/2&#8243; css=&#8221;.vc_custom_1655711258430{padding-bottom: 40px !important;}&#8221;][vc_single_image image=&#8221;2464&#8243; img_size=&#8221;full&#8221; alignment=&#8221;center&#8221; lightbox=&#8221;no&#8221; zoom_on_hover=&#8221;no&#8221; img_animated=&#8221;no&#8221; img_infinite=&#8221;no&#8221; img_animation=&#8221;flash&#8221; css=&#8221;.vc_custom_1671446636685{margin-bottom: 0px !important;padding-bottom: 0px !important;}&#8221;][\/vc_column][vc_column width=&#8221;1\/2&#8243;]<div style=\"height:50px\" class=\"ozy-spacer\"><\/div>[vc_custom_heading text=&#8221;Nosotros lo Ayudamos&#8221; font_container=&#8221;tag:h4|font_size:25|text_align:left|color:%23020202|line_height:20px&#8221; google_fonts=&#8221;font_family:Raleway%3A100%2C200%2C300%2Cregular%2C500%2C600%2C700%2C800%2C900|font_style:700%20bold%20regular%3A700%3Anormal&#8221; css=&#8221;.vc_custom_1655711172982{padding-bottom: 10px !important;}&#8221;][vc_custom_heading text=&#8221;Encuentre m\u00e1s informaci\u00f3n aqu\u00ed.&#8221; font_container=&#8221;tag:h2|font_size:30|text_align:left|color:%23ff0000|line_height:20px&#8221; google_fonts=&#8221;font_family:Raleway%3A100%2C200%2C300%2Cregular%2C500%2C600%2C700%2C800%2C900|font_style:700%20bold%20regular%3A700%3Anormal&#8221; css=&#8221;.vc_custom_1655711365987{padding-top: 10px !important;}&#8221;][vc_button2 title=&#8221;CONT\u00c1CTENOS&#8221; color=&#8221;juicy_pink&#8221; size=&#8221;lg&#8221; full_width=&#8221;no&#8221; btn_custom_style=&#8221;yes&#8221; back_color=&#8221;#f7a000&#8243; outline_color=&#8221;#f49600&#8243; link=&#8221;url:https%3A%2F%2Fbasei.com.mx%2Fbasei2022%2Fdosificadoras-de-concreto-basei%2F|title:Contacto&#8221;][\/vc_column][\/vc_row]<\/p>\n","protected":false},"excerpt":{"rendered":"<p>[vc_row row_fullwidth=&#8221;1&#8243; bg_parallax=&#8221;off&#8221; bg_slider=&#8221;off&#8221; bg_video=&#8221;off&#8221; bottom_button=&#8221;off&#8221; css=&#8221;.vc_custom_1429562192100{margin-top: 0px !important;margin-right: 0px !important;margin-bottom: 0px !important;margin-left: 0px !important;border-top-width: 0px !important;border-right-width: 0px !important;border-bottom-width: 0px !important;border-left-width: 0px !important;padding-top: 0px !important;padding-right: 20px !important;padding-bottom: 20px !important;padding-left: 20px [&hellip;]<\/p>\n","protected":false},"author":3,"featured_media":0,"parent":1470,"menu_order":0,"comment_status":"open","ping_status":"closed","template":"","meta":{"footnotes":""},"class_list":["post-353","page","type-page","status-publish","hentry","has_thumb"],"yoast_head":"<!-- This site is optimized with the Yoast SEO plugin v24.9 - https:\/\/yoast.com\/wordpress\/plugins\/seo\/ -->\n<title>Plantas - Basei<\/title>\n<meta name=\"description\" content=\"Plantas Dosificadoras de Concreto, haga click en el texto para ver la informaci\u00f3n de los diferentes tipos o cont\u00e1ctenos si tiene alguna duda.\" \/>\n<meta name=\"robots\" content=\"index, follow, max-snippet:-1, max-image-preview:large, max-video-preview:-1\" \/>\n<link rel=\"canonical\" href=\"https:\/\/basei.com.mx\/basei2022\/projects\/plantas\/\" \/>\n<meta property=\"og:locale\" content=\"es_MX\" \/>\n<meta property=\"og:type\" content=\"article\" \/>\n<meta property=\"og:title\" content=\"Plantas - Basei\" \/>\n<meta property=\"og:description\" content=\"Plantas Dosificadoras de Concreto, haga click en el texto para ver la informaci\u00f3n de los diferentes tipos o cont\u00e1ctenos si tiene alguna duda.\" \/>\n<meta property=\"og:url\" content=\"https:\/\/basei.com.mx\/basei2022\/projects\/plantas\/\" \/>\n<meta property=\"og:site_name\" content=\"Basei\" \/>\n<meta property=\"article:publisher\" content=\"http:\/\/www.facebook.com\/DosificadorasBASEI\" \/>\n<meta property=\"article:modified_time\" content=\"2023-01-14T07:34:08+00:00\" \/>\n<meta name=\"twitter:label1\" content=\"Tiempo de lectura\" \/>\n\t<meta name=\"twitter:data1\" content=\"1 minuto\" \/>\n<script type=\"application\/ld+json\" class=\"yoast-schema-graph\">{\"@context\":\"https:\/\/schema.org\",\"@graph\":[{\"@type\":\"WebPage\",\"@id\":\"https:\/\/basei.com.mx\/basei2022\/projects\/plantas\/\",\"url\":\"https:\/\/basei.com.mx\/basei2022\/projects\/plantas\/\",\"name\":\"Plantas - Basei\",\"isPartOf\":{\"@id\":\"https:\/\/basei.com.mx\/basei2022\/#website\"},\"datePublished\":\"2015-03-31T22:08:53+00:00\",\"dateModified\":\"2023-01-14T07:34:08+00:00\",\"description\":\"Plantas Dosificadoras de Concreto, haga click en el texto para ver la informaci\u00f3n de los diferentes tipos o cont\u00e1ctenos si tiene alguna duda.\",\"breadcrumb\":{\"@id\":\"https:\/\/basei.com.mx\/basei2022\/projects\/plantas\/#breadcrumb\"},\"inLanguage\":\"es\",\"potentialAction\":[{\"@type\":\"ReadAction\",\"target\":[\"https:\/\/basei.com.mx\/basei2022\/projects\/plantas\/\"]}]},{\"@type\":\"BreadcrumbList\",\"@id\":\"https:\/\/basei.com.mx\/basei2022\/projects\/plantas\/#breadcrumb\",\"itemListElement\":[{\"@type\":\"ListItem\",\"position\":1,\"name\":\"Inicio\",\"item\":\"https:\/\/basei.com.mx\/basei2022\/\"},{\"@type\":\"ListItem\",\"position\":2,\"name\":\"Productos\",\"item\":\"https:\/\/basei.com.mx\/basei2022\/projects\/\"},{\"@type\":\"ListItem\",\"position\":3,\"name\":\"Plantas\"}]},{\"@type\":\"WebSite\",\"@id\":\"https:\/\/basei.com.mx\/basei2022\/#website\",\"url\":\"https:\/\/basei.com.mx\/basei2022\/\",\"name\":\"Basei\",\"description\":\"Dosificadoras de Concreto\",\"publisher\":{\"@id\":\"https:\/\/basei.com.mx\/basei2022\/#organization\"},\"potentialAction\":[{\"@type\":\"SearchAction\",\"target\":{\"@type\":\"EntryPoint\",\"urlTemplate\":\"https:\/\/basei.com.mx\/basei2022\/?s={search_term_string}\"},\"query-input\":{\"@type\":\"PropertyValueSpecification\",\"valueRequired\":true,\"valueName\":\"search_term_string\"}}],\"inLanguage\":\"es\"},{\"@type\":\"Organization\",\"@id\":\"https:\/\/basei.com.mx\/basei2022\/#organization\",\"name\":\"Dosificadoras Basei S.A. de C.V.\",\"url\":\"https:\/\/basei.com.mx\/basei2022\/\",\"logo\":{\"@type\":\"ImageObject\",\"inLanguage\":\"es\",\"@id\":\"https:\/\/basei.com.mx\/basei2022\/#\/schema\/logo\/image\/\",\"url\":\"https:\/\/basei.com.mx\/basei2022\/wp-content\/uploads\/2022\/06\/logoMINI-e1654387675340.png\",\"contentUrl\":\"https:\/\/basei.com.mx\/basei2022\/wp-content\/uploads\/2022\/06\/logoMINI-e1654387675340.png\",\"width\":140,\"height\":86,\"caption\":\"Dosificadoras Basei S.A. de C.V.\"},\"image\":{\"@id\":\"https:\/\/basei.com.mx\/basei2022\/#\/schema\/logo\/image\/\"},\"sameAs\":[\"http:\/\/www.facebook.com\/DosificadorasBASEI\",\"http:\/\/instagram.com\/dosificadorasbasei\"]}]}<\/script>\n<!-- \/ Yoast SEO plugin. -->","yoast_head_json":{"title":"Plantas - Basei","description":"Plantas Dosificadoras de Concreto, haga click en el texto para ver la informaci\u00f3n de los diferentes tipos o cont\u00e1ctenos si tiene alguna duda.","robots":{"index":"index","follow":"follow","max-snippet":"max-snippet:-1","max-image-preview":"max-image-preview:large","max-video-preview":"max-video-preview:-1"},"canonical":"https:\/\/basei.com.mx\/basei2022\/projects\/plantas\/","og_locale":"es_MX","og_type":"article","og_title":"Plantas - Basei","og_description":"Plantas Dosificadoras de Concreto, haga click en el texto para ver la informaci\u00f3n de los diferentes tipos o cont\u00e1ctenos si tiene alguna duda.","og_url":"https:\/\/basei.com.mx\/basei2022\/projects\/plantas\/","og_site_name":"Basei","article_publisher":"http:\/\/www.facebook.com\/DosificadorasBASEI","article_modified_time":"2023-01-14T07:34:08+00:00","twitter_misc":{"Tiempo de lectura":"1 minuto"},"schema":{"@context":"https:\/\/schema.org","@graph":[{"@type":"WebPage","@id":"https:\/\/basei.com.mx\/basei2022\/projects\/plantas\/","url":"https:\/\/basei.com.mx\/basei2022\/projects\/plantas\/","name":"Plantas - Basei","isPartOf":{"@id":"https:\/\/basei.com.mx\/basei2022\/#website"},"datePublished":"2015-03-31T22:08:53+00:00","dateModified":"2023-01-14T07:34:08+00:00","description":"Plantas Dosificadoras de Concreto, haga click en el texto para ver la informaci\u00f3n de los diferentes tipos o cont\u00e1ctenos si tiene alguna duda.","breadcrumb":{"@id":"https:\/\/basei.com.mx\/basei2022\/projects\/plantas\/#breadcrumb"},"inLanguage":"es","potentialAction":[{"@type":"ReadAction","target":["https:\/\/basei.com.mx\/basei2022\/projects\/plantas\/"]}]},{"@type":"BreadcrumbList","@id":"https:\/\/basei.com.mx\/basei2022\/projects\/plantas\/#breadcrumb","itemListElement":[{"@type":"ListItem","position":1,"name":"Inicio","item":"https:\/\/basei.com.mx\/basei2022\/"},{"@type":"ListItem","position":2,"name":"Productos","item":"https:\/\/basei.com.mx\/basei2022\/projects\/"},{"@type":"ListItem","position":3,"name":"Plantas"}]},{"@type":"WebSite","@id":"https:\/\/basei.com.mx\/basei2022\/#website","url":"https:\/\/basei.com.mx\/basei2022\/","name":"Basei","description":"Dosificadoras de Concreto","publisher":{"@id":"https:\/\/basei.com.mx\/basei2022\/#organization"},"potentialAction":[{"@type":"SearchAction","target":{"@type":"EntryPoint","urlTemplate":"https:\/\/basei.com.mx\/basei2022\/?s={search_term_string}"},"query-input":{"@type":"PropertyValueSpecification","valueRequired":true,"valueName":"search_term_string"}}],"inLanguage":"es"},{"@type":"Organization","@id":"https:\/\/basei.com.mx\/basei2022\/#organization","name":"Dosificadoras Basei S.A. de C.V.","url":"https:\/\/basei.com.mx\/basei2022\/","logo":{"@type":"ImageObject","inLanguage":"es","@id":"https:\/\/basei.com.mx\/basei2022\/#\/schema\/logo\/image\/","url":"https:\/\/basei.com.mx\/basei2022\/wp-content\/uploads\/2022\/06\/logoMINI-e1654387675340.png","contentUrl":"https:\/\/basei.com.mx\/basei2022\/wp-content\/uploads\/2022\/06\/logoMINI-e1654387675340.png","width":140,"height":86,"caption":"Dosificadoras Basei S.A. de C.V."},"image":{"@id":"https:\/\/basei.com.mx\/basei2022\/#\/schema\/logo\/image\/"},"sameAs":["http:\/\/www.facebook.com\/DosificadorasBASEI","http:\/\/instagram.com\/dosificadorasbasei"]}]}},"_links":{"self":[{"href":"https:\/\/basei.com.mx\/basei2022\/wp-json\/wp\/v2\/pages\/353","targetHints":{"allow":["GET"]}}],"collection":[{"href":"https:\/\/basei.com.mx\/basei2022\/wp-json\/wp\/v2\/pages"}],"about":[{"href":"https:\/\/basei.com.mx\/basei2022\/wp-json\/wp\/v2\/types\/page"}],"author":[{"embeddable":true,"href":"https:\/\/basei.com.mx\/basei2022\/wp-json\/wp\/v2\/users\/3"}],"replies":[{"embeddable":true,"href":"https:\/\/basei.com.mx\/basei2022\/wp-json\/wp\/v2\/comments?post=353"}],"version-history":[{"count":36,"href":"https:\/\/basei.com.mx\/basei2022\/wp-json\/wp\/v2\/pages\/353\/revisions"}],"predecessor-version":[{"id":2943,"href":"https:\/\/basei.com.mx\/basei2022\/wp-json\/wp\/v2\/pages\/353\/revisions\/2943"}],"up":[{"embeddable":true,"href":"https:\/\/basei.com.mx\/basei2022\/wp-json\/wp\/v2\/pages\/1470"}],"wp:attachment":[{"href":"https:\/\/basei.com.mx\/basei2022\/wp-json\/wp\/v2\/media?parent=353"}],"curies":[{"name":"wp","href":"https:\/\/api.w.org\/{rel}","templated":true}]}}